{"id":19,"date":"2022-07-04T10:32:23","date_gmt":"2022-07-04T08:32:23","guid":{"rendered":"https:\/\/24juin2023.fr\/?page_id=19"},"modified":"2023-02-25T19:42:23","modified_gmt":"2023-02-25T18:42:23","slug":"jour-j","status":"publish","type":"page","link":"https:\/\/24juin2023.fr\/index.php\/jour-j\/","title":{"rendered":"Jour J"},"content":{"rendered":"\n<div style=\"height:40px\" aria-hidden=\"true\" class=\"wp-block-spacer\"><\/div>\n\n\n\n<p class=\"has-text-align-center\"><strong>POUR L\u2019UNION CIVILE<\/strong><\/p>\n\n\n\n<p class=\"has-text-align-center\"><strong>Mairie de Bouc Bel Air<\/strong><br>Place de l\u2019H\u00f4tel de Ville, 13320 Bouc Bel Air<\/p>\n\n\n\n<figure class=\"wp-block-image aligncenter size-full is-resized\"><img loading=\"lazy\" decoding=\"async\" src=\"https:\/\/24juin2023.fr\/wp-content\/uploads\/2023\/02\/p1.png\" alt=\"\" class=\"wp-image-311\" width=\"133\" height=\"151\"\/><\/figure>\n\n\n\n<p><em>Informations pratiques<\/em><\/p>\n\n\n\n<p>  \u2022  Notre mariage est planifi\u00e9 \u00e0 13H30, c\u2019est donc le premier qui sera c\u00e9l\u00e9br\u00e9 ce jour-l\u00e0 (plus de facilit\u00e9s pour le stationnement)<br>  \u2022  A proximit\u00e9 de l\u2019H\u00f4tel de Ville (moins de 200m), il y a plusieurs parkings publics gratuits<br>  \u2022   Les lanc\u00e9s de p\u00e9tales sont malheureusement interdits par la municipalit\u00e9, ce sont donc des bulles qui accompagneront notre sortie de la mairie<\/p>\n\n\n\n<div style=\"height:61px\" aria-hidden=\"true\" class=\"wp-block-spacer\"><\/div>\n\n\n\n<p class=\"has-text-align-center\"><strong>POUR LE RESTE DES FESTIVITES<\/strong><\/p>\n\n\n\n<p class=\"has-text-align-center\"><strong>Domaine Saint Bacchi<\/strong><br>3930 RD561, 13490 Jouques<\/p>\n\n\n\n<figure class=\"tw-medium-gap wp-block-gallery has-nested-images columns-5 is-cropped is-style-default tw-img-ratio-1-1 wp-block-gallery-1 is-layout-flex wp-block-gallery-is-layout-flex\">\n<figure class=\"wp-block-image size-large\"><img loading=\"lazy\" decoding=\"async\" width=\"196\" height=\"222\" data-id=\"313\" src=\"https:\/\/24juin2023.fr\/wp-content\/uploads\/2023\/02\/p3.png\" alt=\"\" class=\"wp-image-313\"\/><\/figure>\n\n\n\n<figure class=\"wp-block-image size-large\"><img loading=\"lazy\" decoding=\"async\" width=\"196\" height=\"222\" data-id=\"315\" src=\"https:\/\/24juin2023.fr\/wp-content\/uploads\/2023\/02\/p5.png\" alt=\"\" class=\"wp-image-315\"\/><\/figure>\n\n\n\n<figure class=\"wp-block-image size-full\"><img loading=\"lazy\" decoding=\"async\" width=\"196\" height=\"222\" data-id=\"312\" src=\"https:\/\/24juin2023.fr\/wp-content\/uploads\/2023\/02\/p2.png\" alt=\"\" class=\"wp-image-312\"\/><\/figure>\n\n\n\n<figure class=\"wp-block-image size-full\"><img loading=\"lazy\" decoding=\"async\" width=\"196\" height=\"222\" data-id=\"314\" src=\"https:\/\/24juin2023.fr\/wp-content\/uploads\/2023\/02\/p4.png\" alt=\"\" class=\"wp-image-314\"\/><\/figure>\n\n\n\n<figure class=\"wp-block-image size-full has-custom-border\"><img loading=\"lazy\" decoding=\"async\" width=\"196\" height=\"222\" data-id=\"310\" src=\"https:\/\/24juin2023.fr\/wp-content\/uploads\/2023\/02\/p6.png\" alt=\"\" class=\"wp-image-310\" style=\"border-radius:0px\"\/><\/figure>\n<\/figure>\n\n\n\n<p><em>Informations pratiques<\/em><\/p>\n\n\n\n<p>  \u2022   Comptez environ 45min de route entre la mairie et le domaine<br>  \u2022   Vous pourrez facilement vous garer (parking de 200 places) \u00e0 votre arriv\u00e9e au domaine<br>  \u2022   N\u2019oubliez pas votre objet \/ souvenir pour la capsule temporelle<\/p>\n\n\n\n<div style=\"height:40px\" aria-hidden=\"true\" class=\"wp-block-spacer\"><\/div>\n\n\n\n<div style=\"height:100px\" aria-hidden=\"true\" class=\"wp-block-spacer\"><\/div>\n","protected":false},"excerpt":{"rendered":"<p>POUR L\u2019UNION CIVILE Mairie de Bouc Bel AirPlace de l\u2019H\u00f4tel de Ville, 13320 Bouc Bel Air Informations pratiques \u2022 Notre mariage est planifi\u00e9 \u00e0 13H30, c\u2019est donc le premier qui sera c\u00e9l\u00e9br\u00e9 ce jour-l\u00e0 (plus de facilit\u00e9s pour le stationnement) \u2022 A proximit\u00e9 de l\u2019H\u00f4tel de Ville (moins de 200m), il y a plusieurs parkings [&hellip;]<\/p>\n","protected":false},"author":1,"featured_media":0,"parent":0,"menu_order":0,"comment_status":"closed","ping_status":"closed","template":"","meta":{"footnotes":""},"class_list":["post-19","page","type-page","status-publish","hentry"],"_links":{"self":[{"href":"https:\/\/24juin2023.fr\/index.php\/wp-json\/wp\/v2\/pages\/19","targetHints":{"allow":["GET"]}}],"collection":[{"href":"https:\/\/24juin2023.fr\/index.php\/wp-json\/wp\/v2\/pages"}],"about":[{"href":"https:\/\/24juin2023.fr\/index.php\/wp-json\/wp\/v2\/types\/page"}],"author":[{"embeddable":true,"href":"https:\/\/24juin2023.fr\/index.php\/wp-json\/wp\/v2\/users\/1"}],"replies":[{"embeddable":true,"href":"https:\/\/24juin2023.fr\/index.php\/wp-json\/wp\/v2\/comments?post=19"}],"version-history":[{"count":12,"href":"https:\/\/24juin2023.fr\/index.php\/wp-json\/wp\/v2\/pages\/19\/revisions"}],"predecessor-version":[{"id":328,"href":"https:\/\/24juin2023.fr\/index.php\/wp-json\/wp\/v2\/pages\/19\/revisions\/328"}],"wp:attachment":[{"href":"https:\/\/24juin2023.fr\/index.php\/wp-json\/wp\/v2\/media?parent=19"}],"curies":[{"name":"wp","href":"https:\/\/api.w.org\/{rel}","templated":true}]}}