{"id":24,"date":"2022-06-16T16:12:49","date_gmt":"2022-06-16T14:12:49","guid":{"rendered":"https:\/\/24juin2023.fr\/?page_id=24"},"modified":"2023-03-29T15:38:22","modified_gmt":"2023-03-29T13:38:22","slug":"hebergements","status":"publish","type":"page","link":"https:\/\/24juin2023.fr\/index.php\/hebergements\/","title":{"rendered":"H\u00e9bergements"},"content":{"rendered":"\n<div style=\"height:40px\" aria-hidden=\"true\" class=\"wp-block-spacer\"><\/div>\n\n\n\n<p>Nous avons r\u00e9serv\u00e9 l\u2019ensemble des logements disponibles au sein du domaine. Ils sont d\u00e9j\u00e0 tous attribu\u00e9s.<\/p>\n\n\n\n<p>Pour ceux qui souhaiteraient dormir \u00e0 proximit\u00e9 pour profiter au maximum de la f\u00eate, vous pouvez chercher des locations \u00e0 Jouques et Peyrolles directement sur AirBNB (il y a de tr\u00e8s nombreuses possibilit\u00e9s, \u00e0 tous les prix).<\/p>\n\n\n\n<p>Voici \u00e9galement une liste de logements dans les environs que vous pouvez contacter&nbsp;(cette liste nous a \u00e9t\u00e9 communiqu\u00e9e par le domaine) :<\/p>\n\n\n\n<figure class=\"wp-block-image size-large is-resized is-style-tw-frame\"><img loading=\"lazy\" decoding=\"async\" src=\"https:\/\/24juin2023.fr\/wp-content\/uploads\/2023\/02\/hebergements-786x1024.png\" alt=\"\" class=\"wp-image-293\" width=\"616\" height=\"802\" srcset=\"https:\/\/24juin2023.fr\/wp-content\/uploads\/2023\/02\/hebergements-786x1024.png 786w, https:\/\/24juin2023.fr\/wp-content\/uploads\/2023\/02\/hebergements-230x300.png 230w, https:\/\/24juin2023.fr\/wp-content\/uploads\/2023\/02\/hebergements-768x1000.png 768w, https:\/\/24juin2023.fr\/wp-content\/uploads\/2023\/02\/hebergements-1179x1536.png 1179w, https:\/\/24juin2023.fr\/wp-content\/uploads\/2023\/02\/hebergements-1572x2048.png 1572w, https:\/\/24juin2023.fr\/wp-content\/uploads\/2023\/02\/hebergements.png 1712w\" sizes=\"auto, (max-width: 616px) 100vw, 616px\" \/><\/figure>\n\n\n\n<div style=\"height:63px\" aria-hidden=\"true\" class=\"wp-block-spacer\"><\/div>\n","protected":false},"excerpt":{"rendered":"<p>Nous avons r\u00e9serv\u00e9 l\u2019ensemble des logements disponibles au sein du domaine. Ils sont d\u00e9j\u00e0 tous attribu\u00e9s. Pour ceux qui souhaiteraient dormir \u00e0 proximit\u00e9 pour profiter au maximum de la f\u00eate, vous pouvez chercher des locations \u00e0 Jouques et Peyrolles directement sur AirBNB (il y a de tr\u00e8s nombreuses possibilit\u00e9s, \u00e0 tous les prix). Voici \u00e9galement [&hellip;]<\/p>\n","protected":false},"author":1,"featured_media":0,"parent":0,"menu_order":0,"comment_status":"closed","ping_status":"closed","template":"","meta":{"footnotes":""},"class_list":["post-24","page","type-page","status-publish","hentry"],"_links":{"self":[{"href":"https:\/\/24juin2023.fr\/index.php\/wp-json\/wp\/v2\/pages\/24","targetHints":{"allow":["GET"]}}],"collection":[{"href":"https:\/\/24juin2023.fr\/index.php\/wp-json\/wp\/v2\/pages"}],"about":[{"href":"https:\/\/24juin2023.fr\/index.php\/wp-json\/wp\/v2\/types\/page"}],"author":[{"embeddable":true,"href":"https:\/\/24juin2023.fr\/index.php\/wp-json\/wp\/v2\/users\/1"}],"replies":[{"embeddable":true,"href":"https:\/\/24juin2023.fr\/index.php\/wp-json\/wp\/v2\/comments?post=24"}],"version-history":[{"count":7,"href":"https:\/\/24juin2023.fr\/index.php\/wp-json\/wp\/v2\/pages\/24\/revisions"}],"predecessor-version":[{"id":347,"href":"https:\/\/24juin2023.fr\/index.php\/wp-json\/wp\/v2\/pages\/24\/revisions\/347"}],"wp:attachment":[{"href":"https:\/\/24juin2023.fr\/index.php\/wp-json\/wp\/v2\/media?parent=24"}],"curies":[{"name":"wp","href":"https:\/\/api.w.org\/{rel}","templated":true}]}}