{"id":26,"date":"2022-07-04T10:30:28","date_gmt":"2022-07-04T08:30:28","guid":{"rendered":"https:\/\/24juin2023.fr\/?page_id=26"},"modified":"2023-03-29T09:53:33","modified_gmt":"2023-03-29T07:53:33","slug":"photos-videos","status":"publish","type":"page","link":"https:\/\/24juin2023.fr\/index.php\/photos-videos\/","title":{"rendered":"Photos &#038; Vid\u00e9os"},"content":{"rendered":"\n<div style=\"height:40px\" aria-hidden=\"true\" class=\"wp-block-spacer\"><\/div>\n\n\n\n<p>Nous aurons la joie de partager ici avec vous quelques clich\u00e9s de cette journ\u00e9e\u2026 A vous d\u2019en faire des souvenirs inoubliables.<\/p>\n\n\n\n<p>Un photographe et une vid\u00e9aste seront pr\u00e9sents pour immortaliser tous ces beaux moments, donc nous vous demandons de prendre des photos avec vos propres t\u00e9l\u00e9phones et appareils en toute mod\u00e9ration, pour \u00e9viter d&rsquo;en voir sur chaque photo mais surtout que vous puissiez profiter du moment pr\u00e9sent !<\/p>\n\n\n\n<p>En attendant, voici quelques photos de famille\u2026 qui valent le d\u00e9tour&nbsp;!<\/p>\n\n\n\n<div style=\"height:29px\" aria-hidden=\"true\" class=\"wp-block-spacer\"><\/div>\n\n\n\n<!-- Final Tiles Grid Gallery for WordPress v3.5.6 free --><style>#ftg-11 .tile .icon { color:#ffffff; }#ftg-11 .ftg-items .loading-bar i { background:#666; }#ftg-11 .ftg-items .loading-bar { background:#fff; }#ftg-11 .tile .icon { font-size:12px; }#ftg-11 .tile .icon { margin: -6px 0 0 -6px; }#ftg-11 .tile .caption-block .text-wrapper span.text { font-size:12px; }#ftg-11 .tile .caption-outside .text-wrapper span.text { font-size:12px; }#ftg-11 .tile .caption-block .text-wrapper span.title { font-size:14px; }#ftg-11 .tile .caption-outside .text-wrapper span.title { font-size:14px; }#ftg-11 .tile { background-color: transparent; }#ftg-11 .tile .caption-block .text-wrapper span.text { color: #ffffff; }#ftg-11 .tile .caption-block .text-wrapper span.title { color: #ffffff; }#ftg-11 .tile .caption-outside .text-wrapper span.text { color: #ffffff; }#ftg-11 .tile .caption-outside .text-wrapper span.title { color: #ffffff; }#ftg-11 .tile .ftg-social a { color: #ffffff; }#ftg-11 .tile .caption-block { transition-duration:0.25s; }#ftg-11 .tile .tile-inner:before { background-color: #000000; }#ftg-11 .tile .tile-inner:before { background-color: rgba(0, 0, 0, 0.8); }#ftg-11 .tile:hover img {-moz-transform: ;-webkit-transform: ;-o-transform: ;-ms-transform: ;transform: ;}<\/style><a name='1'><\/a><div class='final-tiles-gallery  ftg-hover-enabled caption-inside  caption-none caption-middle caption-center' id='ftg-11' style='width:100%'><div class='ftg-items'><div class='loading-bar'><i><\/i><\/div><div  class='tile ftg-preload  '><a title=\"\" data-lightbox='ftg-11' rel='ftg-11'  class=' tile-inner  ftg-lightbox' href='https:\/\/24juin2023.fr\/wp-content\/uploads\/2023\/03\/IMG-20210811-WA0002-1024x682.jpg' ><img alt='' class='item skip-lazy' data-class='item' data-ftg-source='https:\/\/24juin2023.fr\/wp-content\/uploads\/2023\/03\/IMG-20210811-WA0002-1024x682.jpg' src='https:\/\/24juin2023.fr\/wp-content\/uploads\/2023\/03\/IMG-20210811-WA0002-1024x682.jpg' width='1024' height='682' \/><\/a><div class='ftg-social'><\/div><\/div><div  class='tile ftg-preload  '><a title=\"\" data-lightbox='ftg-11' rel='ftg-11'  class=' tile-inner  ftg-lightbox' href='https:\/\/24juin2023.fr\/wp-content\/uploads\/2023\/03\/IMG-20210127-WA0003.jpg' ><img alt='' class='item skip-lazy' data-class='item' data-ftg-source='https:\/\/24juin2023.fr\/wp-content\/uploads\/2023\/03\/IMG-20210127-WA0003.jpg' src='https:\/\/24juin2023.fr\/wp-content\/uploads\/2023\/03\/IMG-20210127-WA0003.jpg' width='768' height='1024' \/><\/a><div class='ftg-social'><\/div><\/div><div  class='tile ftg-preload  '><a title=\"\" data-lightbox='ftg-11' rel='ftg-11'  class=' tile-inner  ftg-lightbox' href='https:\/\/24juin2023.fr\/wp-content\/uploads\/2023\/03\/20210220_180758-768x1024.jpg' ><img alt='' class='item skip-lazy' data-class='item' data-ftg-source='https:\/\/24juin2023.fr\/wp-content\/uploads\/2023\/03\/20210220_180758-768x1024.jpg' src='https:\/\/24juin2023.fr\/wp-content\/uploads\/2023\/03\/20210220_180758-768x1024.jpg' width='768' height='1024' \/><\/a><div class='ftg-social'><\/div><\/div><\/div><\/div><script type='text\/javascript'>jQuery('#ftg-11 img.item').removeAttr('src');jQuery(document).ready(function () {setTimeout(function () {jQuery('#ftg-11').finalTilesGallery({minTileWidth: 250,margin: 10,loadMethod: 'sequential',nonce: 'a9ed1e07c1',galleryId: '1',setupFilters: true,layout: 'final',debug: false,gridSize: 25,disableGridSizeBelow:800,allowEnlargement: true,imageSizeFactor: [ [4000, 0.3],[1024, 0.3],[768, 0.2],[640, 0.3],[320, 0.2]],selectedFilter: 'n-a'});jQuery(function () {(function () {var rel = '';jQuery('#ftg-11 .ftg-lightbox').click(function (e) {rel = jQuery(this).attr('rel');jQuery('#ftg-11 .ftg-current').removeClass('ftg-current');jQuery('#ftg-11 [rel=\"'+rel+'\"]').addClass('ftg-current');});})();});}, 0);});<\/script>\n\n\n\n<div style=\"height:100px\" aria-hidden=\"true\" class=\"wp-block-spacer\"><\/div>\n","protected":false},"excerpt":{"rendered":"<p>Nous aurons la joie de partager ici avec vous quelques clich\u00e9s de cette journ\u00e9e\u2026 A vous d\u2019en faire des souvenirs inoubliables. Un photographe et une vid\u00e9aste seront pr\u00e9sents pour immortaliser tous ces beaux moments, donc nous vous demandons de prendre des photos avec vos propres t\u00e9l\u00e9phones et appareils en toute mod\u00e9ration, pour \u00e9viter d&rsquo;en voir [&hellip;]<\/p>\n","protected":false},"author":1,"featured_media":0,"parent":0,"menu_order":0,"comment_status":"closed","ping_status":"closed","template":"","meta":{"footnotes":""},"class_list":["post-26","page","type-page","status-publish","hentry"],"_links":{"self":[{"href":"https:\/\/24juin2023.fr\/index.php\/wp-json\/wp\/v2\/pages\/26","targetHints":{"allow":["GET"]}}],"collection":[{"href":"https:\/\/24juin2023.fr\/index.php\/wp-json\/wp\/v2\/pages"}],"about":[{"href":"https:\/\/24juin2023.fr\/index.php\/wp-json\/wp\/v2\/types\/page"}],"author":[{"embeddable":true,"href":"https:\/\/24juin2023.fr\/index.php\/wp-json\/wp\/v2\/users\/1"}],"replies":[{"embeddable":true,"href":"https:\/\/24juin2023.fr\/index.php\/wp-json\/wp\/v2\/comments?post=26"}],"version-history":[{"count":7,"href":"https:\/\/24juin2023.fr\/index.php\/wp-json\/wp\/v2\/pages\/26\/revisions"}],"predecessor-version":[{"id":346,"href":"https:\/\/24juin2023.fr\/index.php\/wp-json\/wp\/v2\/pages\/26\/revisions\/346"}],"wp:attachment":[{"href":"https:\/\/24juin2023.fr\/index.php\/wp-json\/wp\/v2\/media?parent=26"}],"curies":[{"name":"wp","href":"https:\/\/api.w.org\/{rel}","templated":true}]}}