{"id":28,"date":"2022-07-04T10:32:23","date_gmt":"2022-07-04T08:32:23","guid":{"rendered":"https:\/\/24juin2023.fr\/?page_id=28"},"modified":"2023-03-28T19:22:53","modified_gmt":"2023-03-28T17:22:53","slug":"liste-de-mariage","status":"publish","type":"page","link":"https:\/\/24juin2023.fr\/index.php\/liste-de-mariage\/","title":{"rendered":"Liste de mariage"},"content":{"rendered":"\n<div style=\"height:100px\" aria-hidden=\"true\" class=\"wp-block-spacer\"><\/div>\n\n\n\n<p>Vous vous sentez d&rsquo;\u00e2me g\u00e9n\u00e9reuse ?<br>Ca tombe bien, nous nous sentons d&rsquo;\u00e2me \u00e0 \u00eatre g\u00e2t\u00e9s !<br><br>Notre liste de mariage est remplac\u00e9e par une participation \u00e0 notre voyage de noces.<br><br>Une urne sera disponible le jour J pour la collecte des diff\u00e9rentes contributions.<br><br>Mais c&rsquo;est surtout la pens\u00e9e qui compte bien \u00e9videmment !<\/p>\n\n\n\n<div style=\"height:90px\" aria-hidden=\"true\" class=\"wp-block-spacer\"><\/div>\n","protected":false},"excerpt":{"rendered":"<p>Vous vous sentez d&rsquo;\u00e2me g\u00e9n\u00e9reuse ?Ca tombe bien, nous nous sentons d&rsquo;\u00e2me \u00e0 \u00eatre g\u00e2t\u00e9s ! Notre liste de mariage est remplac\u00e9e par une participation \u00e0 notre voyage de noces. Une urne sera disponible le jour J pour la collecte des diff\u00e9rentes contributions. Mais c&rsquo;est surtout la pens\u00e9e qui compte bien \u00e9videmment !<\/p>\n","protected":false},"author":1,"featured_media":0,"parent":0,"menu_order":0,"comment_status":"closed","ping_status":"closed","template":"","meta":{"footnotes":""},"class_list":["post-28","page","type-page","status-publish","hentry"],"_links":{"self":[{"href":"https:\/\/24juin2023.fr\/index.php\/wp-json\/wp\/v2\/pages\/28","targetHints":{"allow":["GET"]}}],"collection":[{"href":"https:\/\/24juin2023.fr\/index.php\/wp-json\/wp\/v2\/pages"}],"about":[{"href":"https:\/\/24juin2023.fr\/index.php\/wp-json\/wp\/v2\/types\/page"}],"author":[{"embeddable":true,"href":"https:\/\/24juin2023.fr\/index.php\/wp-json\/wp\/v2\/users\/1"}],"replies":[{"embeddable":true,"href":"https:\/\/24juin2023.fr\/index.php\/wp-json\/wp\/v2\/comments?post=28"}],"version-history":[{"count":5,"href":"https:\/\/24juin2023.fr\/index.php\/wp-json\/wp\/v2\/pages\/28\/revisions"}],"predecessor-version":[{"id":345,"href":"https:\/\/24juin2023.fr\/index.php\/wp-json\/wp\/v2\/pages\/28\/revisions\/345"}],"wp:attachment":[{"href":"https:\/\/24juin2023.fr\/index.php\/wp-json\/wp\/v2\/media?parent=28"}],"curies":[{"name":"wp","href":"https:\/\/api.w.org\/{rel}","templated":true}]}}