{"id":34,"date":"2022-07-04T10:32:23","date_gmt":"2022-07-04T08:32:23","guid":{"rendered":"https:\/\/24juin2023.fr\/?page_id=34"},"modified":"2023-03-29T15:43:04","modified_gmt":"2023-03-29T13:43:04","slug":"faq","status":"publish","type":"page","link":"https:\/\/24juin2023.fr\/index.php\/faq\/","title":{"rendered":"FAQ"},"content":{"rendered":"\n<div style=\"height:40px\" aria-hidden=\"true\" class=\"wp-block-spacer\"><\/div>\n\n\n\n<p class=\"has-medium-font-size\"><strong><em>La mairie est-elle facile d\u2019acc\u00e8s\u00a0?<\/em><\/strong><br>L\u2019H\u00f4tel de Ville se trouve au centre de village et vous retrouverez tout autour plusieurs (petits) parkings publics gratuits. Vous aurez \u00e9galement la possibilit\u00e9 de vous garer dans les rues adjacentes.<br>Par chance, nous sommes le premier mariage \u00e0 \u00eatre c\u00e9l\u00e9br\u00e9 ce jour-l\u00e0, ce sera donc plus facile pour se garer\u00a0!<\/p>\n\n\n\n<div style=\"height:40px\" aria-hidden=\"true\" class=\"wp-block-spacer\"><\/div>\n\n\n\n<p><strong><em>A quelle heure exactement doit-on arriver&nbsp;?<\/em><\/strong><br>Nous rentrerons \u00e0 l\u2019int\u00e9rieur de la mairie \u00e0 13H30. Nous vous proposons donc de nous y rejoindre \u00e0 partir de 13H10.<\/p>\n\n\n\n<div style=\"height:40px\" aria-hidden=\"true\" class=\"wp-block-spacer\"><\/div>\n\n\n\n<p><em><strong>Combien de temps doit-on pr\u00e9voir pour rejoindre le domaine ensuite&nbsp;?<\/strong><br><\/em>Il faut compter 45 minutes de temps de trajet entre la mairie et le domaine (temps estim\u00e9 sans circulation).<\/p>\n\n\n\n<div style=\"height:40px\" aria-hidden=\"true\" class=\"wp-block-spacer\"><\/div>\n\n\n\n<p><strong><em>Puis-je dormir sur place&nbsp;?<\/em><\/strong><br>Nous avons d\u00e9j\u00e0 r\u00e9serv\u00e9 et attribu\u00e9 tous les logements du domaine. Pour dormir \u00e0 proximit\u00e9, nous vous invitons donc \u00e0 vous r\u00e9f\u00e9rer \u00e0 la liste des h\u00e9bergements propos\u00e9s dans la rubrique concern\u00e9e.<br>Le camping sauvage est interdit dans l\u2019enceinte du domaine. Vous pouvez cependant dormir sur le parking dans votre v\u00e9hicule si vous le souhaitez.<\/p>\n\n\n\n<div style=\"height:40px\" aria-hidden=\"true\" class=\"wp-block-spacer\"><\/div>\n\n\n\n<p><strong><em>Quel sera le meilleur moment pour r\u00e9cup\u00e9rer les clefs de mon logement&nbsp;(au domaine ou dans les environs) ?<\/em><\/strong><br>L\u2019union civile a lieu \u00e0 13H30 \u00e0 Bouc Bel Air. Le cort\u00e8ge partira donc aux alentours de 14H15\/30 en direction du domaine. Vous pourrez donc r\u00e9cup\u00e9rer vos clefs \u00e0 partir de 15H, en arrivant sur place.<br>La c\u00e9r\u00e9monie la\u00efque ne d\u00e9butera qu\u2019\u00e0 16H30, ce qui vous laisse 1H30 pour le faire. Pendant ce laps de temps, nous ferons des photos de groupes et des activit\u00e9s. Des rafra\u00eechissements seront \u00e9galement mis \u00e0 votre disposition.<\/p>\n\n\n\n<div style=\"height:40px\" aria-hidden=\"true\" class=\"wp-block-spacer\"><\/div>\n\n\n\n<p><strong><em>Est-ce qu\u2019il y a un th\u00e8me ou un code couleur \u00e0 respecter pour ma tenue vestimentaire&nbsp;?<\/em><\/strong><br>Nous n\u2019imposons aucun th\u00e8me \u00e0 nos invit\u00e9s (la seule r\u00e8gle pour les femmes&nbsp;: pas de robe blanche, \u00e9videmment). Cependant, si vous souhaitez \u00eatre parfaitement assortis, nous avons choisi le vert amande et le rose poudr\u00e9 comme couleurs dominantes pour la d\u00e9coration.<br>Pour ceux qui sont convi\u00e9s au brunch du lendemain, l\u2019Antiquit\u00e9 sera mise \u00e0 l\u2019honneur\u2026 alors n\u2019oubliez pas vos d\u00e9guisements&nbsp;!<\/p>\n\n\n\n<div style=\"height:40px\" aria-hidden=\"true\" class=\"wp-block-spacer\"><\/div>\n\n\n\n<p><strong><em>C\u2019est quoi cette histoire de capsule temporelle&nbsp;?<\/em><\/strong><br>Nous avions envie de cr\u00e9er un rituel original et de garder un souvenir sp\u00e9cial de cette journ\u00e9e. Pendant la c\u00e9r\u00e9monie la\u00efque vous serez donc invit\u00e9s \u00e0 aller d\u00e9poser l\u2019objet que vous aurez choisi pour nous dans la capsule temporelle. Lors du cocktail, nous la scellerons pour la rouvrir\u2026. dans 5 ans&nbsp;! De quoi maintenir le suspens&nbsp;\ud83d\ude0a<\/p>\n\n\n\n<div style=\"height:40px\" aria-hidden=\"true\" class=\"wp-block-spacer\"><\/div>\n\n\n\n<p><strong><em>Qui dois-je contacter pour organiser une surprise aux mari\u00e9s pendant la soir\u00e9e&nbsp;?<\/em><\/strong><br>Vous pouvez envoyer un e-mail \u00e0 l\u2019adresse <a href=\"mailto:24juin2023@gmail.com\">24juin2023@gmail.com<\/a> en sp\u00e9cifiant votre intention.<br>Ne vous inqui\u00e9tez pas&nbsp;: ce sont Marion et Paul, nos t\u00e9moins, qui se chargeront de vous r\u00e9pondre et de vous mettre en relation avec l\u2019animateur de la soir\u00e9e.<\/p>\n\n\n\n<div style=\"height:20px\" aria-hidden=\"true\" class=\"wp-block-spacer\"><\/div>\n\n\n\n<div style=\"height:90px\" aria-hidden=\"true\" class=\"wp-block-spacer\"><\/div>\n","protected":false},"excerpt":{"rendered":"<p>La mairie est-elle facile d\u2019acc\u00e8s\u00a0?L\u2019H\u00f4tel de Ville se trouve au centre de village et vous retrouverez tout autour plusieurs (petits) parkings publics gratuits. Vous aurez \u00e9galement la possibilit\u00e9 de vous garer dans les rues adjacentes.Par chance, nous sommes le premier mariage \u00e0 \u00eatre c\u00e9l\u00e9br\u00e9 ce jour-l\u00e0, ce sera donc plus facile pour se garer\u00a0! A [&hellip;]<\/p>\n","protected":false},"author":1,"featured_media":0,"parent":0,"menu_order":0,"comment_status":"closed","ping_status":"closed","template":"","meta":{"footnotes":""},"class_list":["post-34","page","type-page","status-publish","hentry"],"_links":{"self":[{"href":"https:\/\/24juin2023.fr\/index.php\/wp-json\/wp\/v2\/pages\/34","targetHints":{"allow":["GET"]}}],"collection":[{"href":"https:\/\/24juin2023.fr\/index.php\/wp-json\/wp\/v2\/pages"}],"about":[{"href":"https:\/\/24juin2023.fr\/index.php\/wp-json\/wp\/v2\/types\/page"}],"author":[{"embeddable":true,"href":"https:\/\/24juin2023.fr\/index.php\/wp-json\/wp\/v2\/users\/1"}],"replies":[{"embeddable":true,"href":"https:\/\/24juin2023.fr\/index.php\/wp-json\/wp\/v2\/comments?post=34"}],"version-history":[{"count":17,"href":"https:\/\/24juin2023.fr\/index.php\/wp-json\/wp\/v2\/pages\/34\/revisions"}],"predecessor-version":[{"id":349,"href":"https:\/\/24juin2023.fr\/index.php\/wp-json\/wp\/v2\/pages\/34\/revisions\/349"}],"wp:attachment":[{"href":"https:\/\/24juin2023.fr\/index.php\/wp-json\/wp\/v2\/media?parent=34"}],"curies":[{"name":"wp","href":"https:\/\/api.w.org\/{rel}","templated":true}]}}