{"id":73,"date":"2022-06-16T16:36:48","date_gmt":"2022-06-16T14:36:48","guid":{"rendered":"https:\/\/24juin2023.fr\/?page_id=73"},"modified":"2023-02-25T16:18:55","modified_gmt":"2023-02-25T15:18:55","slug":"compte-a-rebours","status":"publish","type":"page","link":"https:\/\/24juin2023.fr\/","title":{"rendered":"On se marie !"},"content":{"rendered":"\n<p><style>a.countdown_infolink { display: none; }<\/style>\n          <div class=\"widget shailan_CountdownWidget\">          \n        <div id=\"shailan-countdown--1_1\" class=\"shailan-countdown--1 countdown\"  style=\"background-color:#FFFFFF; color:#000000; margin:0px auto; \"><\/div>\n\n        <div  style=\"background-color:#FFFFFF; color:#000000; margin:0px auto; \"><small><a href=\"https:\/\/wpassist.me\/plugins\/countdown-widget\/\" title=\"WordPress Countdown Plugin\" class=\"countdown_infolink\">i<\/a><\/small><\/div>\n<script>\n(function($){\n  $(document).ready(function($) {\n    var event_month = 6 - 1; \n    $('#shailan-countdown--1_1').countdown({\n      until: new Date(2023, event_month, 24, 0, 0, 0, 0),\n      description: '',\n      format: 'OWDHMS'    }); \n  }); \n})(jQuery);\n<\/script>\n          <\/div>      <\/p>\n\n\n\n<div style=\"height:40px\" aria-hidden=\"true\" class=\"wp-block-spacer\"><\/div>\n\n\n\n<p><strong><em>Elle a dit oui&nbsp;!<\/em><\/strong><br>Nous sommes tr\u00e8s heureux de vous convier \u00e0 notre mariage et avons h\u00e2te de vivre ce moment magique avec vous&nbsp;! Vous trouverez ici toutes les informations pratiques indispensables pour vous organiser au mieux et profiter de toutes les surprises que la journ\u00e9e nous r\u00e9servera\u2026<\/p>\n\n\n\n<p><strong><em>Notre histoire<\/em><\/strong><br>Certains la connaissent d\u00e9j\u00e0, d\u2019autres la d\u00e9couvriront vraiment au moment de la c\u00e9r\u00e9monie\u2026 C\u2019est une aventure qui a d\u00e9marr\u00e9 en 2018, au bureau (pas tr\u00e8s original, n\u2019est-ce pas&nbsp;?).<br>Apr\u00e8s cette jolie rencontre, l\u2019achat de notre cocon, l\u2019arriv\u00e9e de notre merveilleuse Emma, deux adoptions canines, quelques larmes, des confettis, 850 commandes de sushis, des rides en plus et, une tonne de travaux, nous avons d\u00e9cid\u00e9 de prendre ce nouvel engagement &#8230; pour la vie.<\/p>\n\n\n\n<figure class=\"wp-block-image aligncenter size-full\"><img loading=\"lazy\" decoding=\"async\" width=\"453\" height=\"398\" src=\"https:\/\/24juin2023.fr\/wp-content\/uploads\/2023\/02\/accueil.png\" alt=\"\" class=\"wp-image-197\" srcset=\"https:\/\/24juin2023.fr\/wp-content\/uploads\/2023\/02\/accueil.png 453w, https:\/\/24juin2023.fr\/wp-content\/uploads\/2023\/02\/accueil-300x264.png 300w\" sizes=\"auto, (max-width: 453px) 100vw, 453px\" \/><\/figure>\n","protected":false},"excerpt":{"rendered":"<p>Elle a dit oui&nbsp;!Nous sommes tr\u00e8s heureux de vous convier \u00e0 notre mariage et avons h\u00e2te de vivre ce moment magique avec vous&nbsp;! Vous trouverez ici toutes les informations pratiques indispensables pour vous organiser au mieux et profiter de toutes les surprises que la journ\u00e9e nous r\u00e9servera\u2026 Notre histoireCertains la connaissent d\u00e9j\u00e0, d\u2019autres la d\u00e9couvriront [&hellip;]<\/p>\n","protected":false},"author":1,"featured_media":0,"parent":0,"menu_order":0,"comment_status":"closed","ping_status":"closed","template":"","meta":{"footnotes":""},"class_list":["post-73","page","type-page","status-publish","hentry"],"_links":{"self":[{"href":"https:\/\/24juin2023.fr\/index.php\/wp-json\/wp\/v2\/pages\/73","targetHints":{"allow":["GET"]}}],"collection":[{"href":"https:\/\/24juin2023.fr\/index.php\/wp-json\/wp\/v2\/pages"}],"about":[{"href":"https:\/\/24juin2023.fr\/index.php\/wp-json\/wp\/v2\/types\/page"}],"author":[{"embeddable":true,"href":"https:\/\/24juin2023.fr\/index.php\/wp-json\/wp\/v2\/users\/1"}],"replies":[{"embeddable":true,"href":"https:\/\/24juin2023.fr\/index.php\/wp-json\/wp\/v2\/comments?post=73"}],"version-history":[{"count":23,"href":"https:\/\/24juin2023.fr\/index.php\/wp-json\/wp\/v2\/pages\/73\/revisions"}],"predecessor-version":[{"id":305,"href":"https:\/\/24juin2023.fr\/index.php\/wp-json\/wp\/v2\/pages\/73\/revisions\/305"}],"wp:attachment":[{"href":"https:\/\/24juin2023.fr\/index.php\/wp-json\/wp\/v2\/media?parent=73"}],"curies":[{"name":"wp","href":"https:\/\/api.w.org\/{rel}","templated":true}]}}